{"id":5466,"date":"2017-11-08T00:41:53","date_gmt":"2017-11-08T00:41:53","guid":{"rendered":"https:\/\/www.quality-fabric.com\/?page_id=5466"},"modified":"2017-11-08T00:41:53","modified_gmt":"2017-11-08T00:41:53","slug":"contact-us-now","status":"publish","type":"page","link":"https:\/\/www.quality-fabric.com\/tr\/contact-us-now\/","title":{"rendered":"Contact us now!"},"content":{"rendered":"<p>Lean Textile, giysi, ev tekstili, teknik tekstil vb. \u00fcretiminde kullan\u0131lan her t\u00fcrl\u00fc kaliteli kuma\u015f\u0131 tedarik etmektedir. Lean Textile, kar\u015f\u0131l\u0131kl\u0131 yarar ve d\u00fcr\u00fcst ticaret ilkesine dayal\u0131 olarak yurti\u00e7i ve yurtd\u0131\u015f\u0131ndaki t\u00fcm dostlar\u0131yla i\u015fbirli\u011fi yapmay\u0131 umut etmektedir. L\u00fctfen bizimle ileti\u015fime ge\u00e7mekten \u00e7ekinmeyin!<\/p>","protected":false},"excerpt":{"rendered":"<p>Lean Textile, giysi, ev tekstili, teknik tekstil vb. \u00fcretiminde kullan\u0131lan her t\u00fcrl\u00fc kaliteli kuma\u015f\u0131 tedarik etmektedir. Lean Textile, kar\u015f\u0131l\u0131kl\u0131 yarar ve d\u00fcr\u00fcst ticaret ilkesine dayal\u0131 olarak yurti\u00e7i ve yurtd\u0131\u015f\u0131ndaki t\u00fcm dostlar\u0131yla i\u015fbirli\u011fi yapmay\u0131 umut etmektedir. L\u00fctfen bizimle ileti\u015fime ge\u00e7mekten \u00e7ekinmeyin!<\/p>","protected":false},"author":1,"featured_media":0,"parent":0,"menu_order":0,"comment_status":"closed","ping_status":"closed","template":"","meta":{"footnotes":""},"class_list":["post-5466","page","type-page","status-publish","hentry"],"_links":{"self":[{"href":"https:\/\/www.quality-fabric.com\/tr\/wp-json\/wp\/v2\/pages\/5466","targetHints":{"allow":["GET"]}}],"collection":[{"href":"https:\/\/www.quality-fabric.com\/tr\/wp-json\/wp\/v2\/pages"}],"about":[{"href":"https:\/\/www.quality-fabric.com\/tr\/wp-json\/wp\/v2\/types\/page"}],"author":[{"embeddable":true,"href":"https:\/\/www.quality-fabric.com\/tr\/wp-json\/wp\/v2\/users\/1"}],"replies":[{"embeddable":true,"href":"https:\/\/www.quality-fabric.com\/tr\/wp-json\/wp\/v2\/comments?post=5466"}],"version-history":[{"count":0,"href":"https:\/\/www.quality-fabric.com\/tr\/wp-json\/wp\/v2\/pages\/5466\/revisions"}],"wp:attachment":[{"href":"https:\/\/www.quality-fabric.com\/tr\/wp-json\/wp\/v2\/media?parent=5466"}],"curies":[{"name":"wp","href":"https:\/\/api.w.org\/{rel}","templated":true}]}}