{"id":1137,"date":"2014-06-25T02:09:16","date_gmt":"2014-06-25T02:09:16","guid":{"rendered":"http:\/\/www.quality-fabric.com\/?page_id=1137"},"modified":"2016-12-06T13:23:25","modified_gmt":"2016-12-06T13:23:25","slug":"our-company","status":"publish","type":"page","link":"https:\/\/www.quality-fabric.com\/tr\/our-company\/","title":{"rendered":"\u015eirketimiz"},"content":{"rendered":"<p><span style=\"color: #000000;\">Lean Textile Co., Limited, \u00c7in'in Jiangsu eyaleti, Wujiang \u015fehri, Shengze kasabas\u0131nda, ipek ba\u015fkenti olarak bilinen bir b\u00f6lgede bulunmaktad\u0131r. Mikrofiber kuma\u015f, mini mat, gabardin, \u015feftali derisi kuma\u015f, pongee kuma\u015f, taslon kuma\u015f, iki y\u00f6nl\u00fc stre\u00e7 kuma\u015f, astar kuma\u015f, \u015fifon kuma\u015f, koshibo kuma\u015f, oxford kuma\u015f, saten, tafta, geni\u015f geni\u015flikte ev tekstili kuma\u015flar\u0131 vb. \u00fcretiminde uzman\u0131z. \u00dcr\u00fcnlerimiz i\u015f k\u0131yafetleri, Arap k\u0131yafetleri, plaj \u015fortlar\u0131, elbiseler, ceketler, \u00fcniformalar, giysiler, tak\u0131m elbise, g\u00f6mlekler, astarlar gibi giysilerin \u00fcretiminde kullan\u0131lmaktad\u0131r. Yast\u0131k, du\u015f perdesi, perde, masa \u00f6rt\u00fcs\u00fc, \u00e7ar\u015faf, nevresim, yatak koruyucu vb. ev tekstili \u00fcr\u00fcnleri. \u00c7antalar, k\u0131l\u0131flar, \u00e7ad\u0131rlar vb. teknik tekstil \u00fcr\u00fcnleri. \u00dcr\u00fcnlerimizin %'si d\u00fcnya \u00e7ap\u0131nda ihra\u00e7 edilmektedir.<\/span><\/p>\n<p><span style=\"color: #000000;\">\u015eirketimiz 20.000 metrekarelik bir alana sahip olup, 200'den fazla \u00e7al\u0131\u015fan\u0131, 200 su jeti dokuma tezgah\u0131 ve \u00fc\u00e7 set boyutland\u0131rma ve haz\u0131rlama ekipman\u0131na sahiptir. \u015eirketimiz i\u00e7 pazarlarda iyi bir \u00fcne sahiptir ve Avrupa, Amerika, G\u00fcney Amerika, Arabistan gibi bir\u00e7ok \u00fclke ve b\u00f6lgeye ihracat yapmaktad\u0131r.\u00a0<\/span><br style=\"color: #000000;\" \/><br style=\"color: #000000;\" \/><span style=\"color: #000000;\">Lean Textile, kar\u015f\u0131l\u0131kl\u0131 yarar ve d\u00fcr\u00fcst ticaret ilkesine dayal\u0131 olarak yurti\u00e7i ve yurtd\u0131\u015f\u0131ndaki t\u00fcm dostlar\u0131yla i\u015fbirli\u011fi yapmay\u0131 umut etmektedir.<\/span><\/p>","protected":false},"excerpt":{"rendered":"<p>Lean Textile Co., Limited is\u00a0located in the silk capital Shengze Town, Wujiang City, Jiangsu Province, China. We\u00a0specialize in the production of microfiber fabric, mini matt, gabardine, peach skin fabric, pongee fabric, taslon fabric, two way stretch fabric, lining fabric, chiffon fabric, koshibo fabric, oxford fabric, satin, taffeta, wide-width home textile fabrics, etc. Our products are used to make garment like &hellip;<\/p>","protected":false},"author":1,"featured_media":0,"parent":0,"menu_order":0,"comment_status":"open","ping_status":"open","template":"","meta":{"footnotes":""},"class_list":["post-1137","page","type-page","status-publish","hentry"],"_links":{"self":[{"href":"https:\/\/www.quality-fabric.com\/tr\/wp-json\/wp\/v2\/pages\/1137","targetHints":{"allow":["GET"]}}],"collection":[{"href":"https:\/\/www.quality-fabric.com\/tr\/wp-json\/wp\/v2\/pages"}],"about":[{"href":"https:\/\/www.quality-fabric.com\/tr\/wp-json\/wp\/v2\/types\/page"}],"author":[{"embeddable":true,"href":"https:\/\/www.quality-fabric.com\/tr\/wp-json\/wp\/v2\/users\/1"}],"replies":[{"embeddable":true,"href":"https:\/\/www.quality-fabric.com\/tr\/wp-json\/wp\/v2\/comments?post=1137"}],"version-history":[{"count":0,"href":"https:\/\/www.quality-fabric.com\/tr\/wp-json\/wp\/v2\/pages\/1137\/revisions"}],"wp:attachment":[{"href":"https:\/\/www.quality-fabric.com\/tr\/wp-json\/wp\/v2\/media?parent=1137"}],"curies":[{"name":"wp","href":"https:\/\/api.w.org\/{rel}","templated":true}]}}