{"id":1137,"date":"2014-06-25T02:09:16","date_gmt":"2014-06-25T02:09:16","guid":{"rendered":"http:\/\/www.quality-fabric.com\/?page_id=1137"},"modified":"2016-12-06T13:23:25","modified_gmt":"2016-12-06T13:23:25","slug":"our-company","status":"publish","type":"page","link":"https:\/\/www.quality-fabric.com\/pt\/our-company\/","title":{"rendered":"Nossa Empresa"},"content":{"rendered":"<p><span style=\"color: #000000;\">A Lean Textile Co., Limited est\u00e1 localizada na capital da seda, Shengze Town, cidade de Wujiang, prov\u00edncia de Jiangsu, China. Somos especializados na produ\u00e7\u00e3o de tecidos de microfibra, mini matt, gabardine, tecido peach skin, tecido pongee, tecido taslon, tecido el\u00e1stico bidirecional, tecido de forro, tecido chiffon, tecido koshibo, tecido oxford, cetim, tafet\u00e1, tecidos t\u00eaxteis para o lar de largura ampla, etc. Nossos produtos s\u00e3o usados para confeccionar roupas como uniformes de trabalho, roupas \u00e1rabes, bermudas de praia, vestidos, jaquetas, uniformes, roupas, ternos, camisas e forros. T\u00eaxteis para o lar, como almofadas, cortinas de banheiro, cortinas, toalhas de mesa, len\u00e7\u00f3is, capas de edredom, protetores de colch\u00e3o, etc. T\u00eaxteis t\u00e9cnicos, incluindo bolsas, capas, tendas, etc. 80% de nossos produtos s\u00e3o exportados para todo o mundo.<\/span><\/p>\n<p><span style=\"color: #000000;\">Nossa empresa ocupa uma \u00e1rea de 20.000 metros quadrados, com mais de 200 funcion\u00e1rios, 200 teares a jato de \u00e1gua e tr\u00eas conjuntos de equipamentos para dimensionamento e prepara\u00e7\u00e3o. Nossa empresa goza de boa reputa\u00e7\u00e3o nos mercados internos e exporta para muitos pa\u00edses e regi\u00f5es, como Europa, Am\u00e9rica, Am\u00e9rica do Sul, Ar\u00e1bia, etc.\u00a0<\/span><br style=\"color: #000000;\" \/><br style=\"color: #000000;\" \/><span style=\"color: #000000;\">A Lean Textile espera poder contar com a coopera\u00e7\u00e3o de todos os amigos nacionais e internacionais, com base no princ\u00edpio de .<\/span><\/p>","protected":false},"excerpt":{"rendered":"<p>Lean Textile Co., Limited is\u00a0located in the silk capital Shengze Town, Wujiang City, Jiangsu Province, China. We\u00a0specialize in the production of microfiber fabric, mini matt, gabardine, peach skin fabric, pongee fabric, taslon fabric, two way stretch fabric, lining fabric, chiffon fabric, koshibo fabric, oxford fabric, satin, taffeta, wide-width home textile fabrics, etc. Our products are used to make garment like &hellip;<\/p>","protected":false},"author":1,"featured_media":0,"parent":0,"menu_order":0,"comment_status":"open","ping_status":"open","template":"","meta":{"footnotes":""},"class_list":["post-1137","page","type-page","status-publish","hentry"],"_links":{"self":[{"href":"https:\/\/www.quality-fabric.com\/pt\/wp-json\/wp\/v2\/pages\/1137","targetHints":{"allow":["GET"]}}],"collection":[{"href":"https:\/\/www.quality-fabric.com\/pt\/wp-json\/wp\/v2\/pages"}],"about":[{"href":"https:\/\/www.quality-fabric.com\/pt\/wp-json\/wp\/v2\/types\/page"}],"author":[{"embeddable":true,"href":"https:\/\/www.quality-fabric.com\/pt\/wp-json\/wp\/v2\/users\/1"}],"replies":[{"embeddable":true,"href":"https:\/\/www.quality-fabric.com\/pt\/wp-json\/wp\/v2\/comments?post=1137"}],"version-history":[{"count":0,"href":"https:\/\/www.quality-fabric.com\/pt\/wp-json\/wp\/v2\/pages\/1137\/revisions"}],"wp:attachment":[{"href":"https:\/\/www.quality-fabric.com\/pt\/wp-json\/wp\/v2\/media?parent=1137"}],"curies":[{"name":"wp","href":"https:\/\/api.w.org\/{rel}","templated":true}]}}