{"id":1137,"date":"2014-06-25T02:09:16","date_gmt":"2014-06-25T02:09:16","guid":{"rendered":"http:\/\/www.quality-fabric.com\/?page_id=1137"},"modified":"2016-12-06T13:23:25","modified_gmt":"2016-12-06T13:23:25","slug":"our-company","status":"publish","type":"page","link":"https:\/\/www.quality-fabric.com\/fr\/our-company\/","title":{"rendered":"Notre entreprise"},"content":{"rendered":"<p><span style=\"color: #000000;\">Lean Textile Co., Limited est situ\u00e9e dans la capitale de la soie, la ville de Shengze, dans la ville de Wujiang, province du Jiangsu, en Chine. Nous sommes sp\u00e9cialis\u00e9s dans la production de tissus microfibres, mini mat, gabardine, peau de p\u00eache, pong\u00e9, taslon, extensible dans les deux sens, doublure, mousseline, koshibo, oxford, satin, taffetas, tissus d'ameublement de grande largeur, etc. Nos produits sont utilis\u00e9s pour confectionner des v\u00eatements tels que des v\u00eatements de travail, des v\u00eatements arabes, des shorts de plage, des robes, des vestes, des uniformes, des costumes, des chemises, des doublures. Des textiles d'ameublement tels que des oreillers, des rideaux de douche, des rideaux, des nappes, des draps, des housses de couette, des prot\u00e8ge-matelas, etc. Des textiles techniques, notamment des sacs, des housses, des tentes, etc. 80% de nos produits sont export\u00e9s dans le monde entier.<\/span><\/p>\n<p><span style=\"color: #000000;\">Notre entreprise occupe une superficie de 20 000 m\u00e8tres carr\u00e9s, compte plus de 200 employ\u00e9s, dispose de 200 m\u00e9tiers \u00e0 tisser \u00e0 jet d'eau et de trois ensembles d'\u00e9quipements pour l'encollage et la pr\u00e9paration. Notre entreprise jouit d'une bonne r\u00e9putation sur les march\u00e9s nationaux et exporte vers de nombreux pays et r\u00e9gions, tels que l'Europe, l'Am\u00e9rique, l'Am\u00e9rique du Sud, l'Arabie, etc.\u00a0<\/span><br style=\"color: #000000;\" \/><br style=\"color: #000000;\" \/><span style=\"color: #000000;\">Lean Textile esp\u00e8re pouvoir coop\u00e9rer avec tous ses amis nationaux et internationaux sur la base du principe de .<\/span><\/p>","protected":false},"excerpt":{"rendered":"<p>Lean Textile Co., Limited is\u00a0located in the silk capital Shengze Town, Wujiang City, Jiangsu Province, China. We\u00a0specialize in the production of microfiber fabric, mini matt, gabardine, peach skin fabric, pongee fabric, taslon fabric, two way stretch fabric, lining fabric, chiffon fabric, koshibo fabric, oxford fabric, satin, taffeta, wide-width home textile fabrics, etc. Our products are used to make garment like &hellip;<\/p>","protected":false},"author":1,"featured_media":0,"parent":0,"menu_order":0,"comment_status":"open","ping_status":"open","template":"","meta":{"footnotes":""},"class_list":["post-1137","page","type-page","status-publish","hentry"],"_links":{"self":[{"href":"https:\/\/www.quality-fabric.com\/fr\/wp-json\/wp\/v2\/pages\/1137","targetHints":{"allow":["GET"]}}],"collection":[{"href":"https:\/\/www.quality-fabric.com\/fr\/wp-json\/wp\/v2\/pages"}],"about":[{"href":"https:\/\/www.quality-fabric.com\/fr\/wp-json\/wp\/v2\/types\/page"}],"author":[{"embeddable":true,"href":"https:\/\/www.quality-fabric.com\/fr\/wp-json\/wp\/v2\/users\/1"}],"replies":[{"embeddable":true,"href":"https:\/\/www.quality-fabric.com\/fr\/wp-json\/wp\/v2\/comments?post=1137"}],"version-history":[{"count":0,"href":"https:\/\/www.quality-fabric.com\/fr\/wp-json\/wp\/v2\/pages\/1137\/revisions"}],"wp:attachment":[{"href":"https:\/\/www.quality-fabric.com\/fr\/wp-json\/wp\/v2\/media?parent=1137"}],"curies":[{"name":"wp","href":"https:\/\/api.w.org\/{rel}","templated":true}]}}