{"id":1137,"date":"2014-06-25T02:09:16","date_gmt":"2014-06-25T02:09:16","guid":{"rendered":"http:\/\/www.quality-fabric.com\/?page_id=1137"},"modified":"2016-12-06T13:23:25","modified_gmt":"2016-12-06T13:23:25","slug":"our-company","status":"publish","type":"page","link":"https:\/\/www.quality-fabric.com\/es\/our-company\/","title":{"rendered":"Nuestra empresa"},"content":{"rendered":"<p><span style=\"color: #000000;\">Lean Textile Co., Limited se encuentra en la capital de la seda, la ciudad de Shengze, en la ciudad de Wujiang, provincia de Jiangsu, China. Nos especializamos en la producci\u00f3n de tejidos de microfibra, mini mate, gabardina, tejido de piel de melocot\u00f3n, tejido pongee, tejido taslon, tejido el\u00e1stico bidireccional, tejido de forro, tejido de gasa, tejido koshibo, tejido oxford, sat\u00e9n, tafet\u00e1n, tejidos textiles para el hogar de gran anchura, etc. Nuestros productos se utilizan para confeccionar prendas de vestir como ropa de trabajo, ropa \u00e1rabe, bermudas de playa, vestidos, chaquetas, uniformes, trajes, camisas y forros. Textiles para el hogar como almohadas, cortinas de ducha, cortinas, manteles, s\u00e1banas, fundas n\u00f3rdicas, protectores de colch\u00f3n, etc. Textiles t\u00e9cnicos como bolsos, fundas, tiendas de campa\u00f1a, etc. El 80% de nuestros productos se exporta a todo el mundo.<\/span><\/p>\n<p><span style=\"color: #000000;\">Nuestra empresa ocupa una superficie de 20 000 metros cuadrados, cuenta con m\u00e1s de 200 empleados, 200 telares de chorro de agua y tres equipos de encolado y preparaci\u00f3n. Nuestra empresa goza de una buena reputaci\u00f3n en los mercados nacionales y exporta a muchos pa\u00edses y regiones, como Europa, Am\u00e9rica, Sudam\u00e9rica, Arabia, etc.\u00a0<\/span><br style=\"color: #000000;\" \/><br style=\"color: #000000;\" \/><span style=\"color: #000000;\">Lean Textile espera poder cooperar con todos los amigos nacionales y extranjeros bas\u00e1ndose en el principio de  beneficios mutuos y comercio honesto.<\/span><\/p>","protected":false},"excerpt":{"rendered":"<p>Lean Textile Co., Limited is\u00a0located in the silk capital Shengze Town, Wujiang City, Jiangsu Province, China. We\u00a0specialize in the production of microfiber fabric, mini matt, gabardine, peach skin fabric, pongee fabric, taslon fabric, two way stretch fabric, lining fabric, chiffon fabric, koshibo fabric, oxford fabric, satin, taffeta, wide-width home textile fabrics, etc. Our products are used to make garment like &hellip;<\/p>","protected":false},"author":1,"featured_media":0,"parent":0,"menu_order":0,"comment_status":"open","ping_status":"open","template":"","meta":{"footnotes":""},"class_list":["post-1137","page","type-page","status-publish","hentry"],"_links":{"self":[{"href":"https:\/\/www.quality-fabric.com\/es\/wp-json\/wp\/v2\/pages\/1137","targetHints":{"allow":["GET"]}}],"collection":[{"href":"https:\/\/www.quality-fabric.com\/es\/wp-json\/wp\/v2\/pages"}],"about":[{"href":"https:\/\/www.quality-fabric.com\/es\/wp-json\/wp\/v2\/types\/page"}],"author":[{"embeddable":true,"href":"https:\/\/www.quality-fabric.com\/es\/wp-json\/wp\/v2\/users\/1"}],"replies":[{"embeddable":true,"href":"https:\/\/www.quality-fabric.com\/es\/wp-json\/wp\/v2\/comments?post=1137"}],"version-history":[{"count":0,"href":"https:\/\/www.quality-fabric.com\/es\/wp-json\/wp\/v2\/pages\/1137\/revisions"}],"wp:attachment":[{"href":"https:\/\/www.quality-fabric.com\/es\/wp-json\/wp\/v2\/media?parent=1137"}],"curies":[{"name":"wp","href":"https:\/\/api.w.org\/{rel}","templated":true}]}}