{"id":2746,"date":"2015-01-07T01:30:51","date_gmt":"2015-01-07T01:30:51","guid":{"rendered":"http:\/\/www.quality-fabric.com\/?page_id=2746"},"modified":"2017-11-08T14:34:13","modified_gmt":"2017-11-08T14:34:13","slug":"kundendienst","status":"publish","type":"page","link":"https:\/\/www.quality-fabric.com\/de\/kundendienst\/","title":{"rendered":"Kundendienst"},"content":{"rendered":"<p><span style=\"color: #000000;\">Textill\u00f6sungen\/Exporteure\/Gro\u00dfh\u00e4ndler\/Herstellervertreter in China. .<\/span><\/p>\n<p><span style=\"color: #000000;\">\u00a0<\/span><\/p>\n<p><span style=\"color: #000000;\"><strong>\u261eEs gibt folgende St\u00e4rken gegen\u00fcber normalen Anbietern:<\/strong><\/span><\/p>\n<p><span style=\"color: #000000;\">1,Schnelle Mustererstellung und Einreichung:<\/span><br \/>\n<span style=\"color: #000000;\"> Wir sind nicht nur ein Lieferant von Stoffmaterialien, sondern auch ein Lieferant f\u00fcr die Lieferkette. Normalerweise haben wir Stoffmuster vorr\u00e4tig, sodass wir das Muster innerhalb von 3-4 Tagen fertigstellen k\u00f6nnen. Es wird dann noch am selben Tag per internationalem Expressversand an Ihr B\u00fcro geschickt.<\/span><\/p>\n<p><span style=\"color: #000000;\">2. Wettbewerbsf\u00e4higer Preis:<\/span><br \/>\n<span style=\"color: #000000;\"> Wir befinden uns in der Stadt Shengze in Suzhou, der Seidenhauptstadt Chinas. Wir verf\u00fcgen \u00fcber eine eigene Weberei und arbeiten mit vielen anderen Fabriken gut zusammen.<\/span><\/p>\n<p><span style=\"color: #000000;\">3, Die spezielle Mindestbestellmenge:<\/span><br \/>\n<span style=\"color: #000000;\"> F\u00fcr einige Artikel akzeptieren wir nur Kleinbestellungen von 1 St\u00fcck ohne Aufpreis. .<\/span><\/p>\n<p><span style=\"color: #000000;\">4, Zuverl\u00e4ssige F\u00e4higkeit, Ihre Bestellung zu erf\u00fcllen:<\/span><br \/>\n<span style=\"color: #000000;\"> Wenn wir Ihre Waren nicht rechtzeitig liefern k\u00f6nnen und die Bestellungen \u00e4u\u00dferst dringend sind, werden wir sie direkt per Luftfracht an Ihr Lager liefern.<\/span><\/p>\n<p><span style=\"color: #000000;\">Wir freuen uns auf eine f\u00fcr beide Seiten lohnende Gesch\u00e4ftsbeziehung mit K\u00e4ufern aus aller Welt.,<\/span><br \/>\n<span style=\"color: #000000;\"> Bitte z\u00f6gern Sie nicht, uns zu kontaktieren.<\/span><\/p>\n<p>&nbsp;<\/p>\n<p><span style=\"color: #000000;\"><strong>\u261e Produktkategorien:<\/strong><\/span><\/p>\n<p><span style=\"color: #000000;\">\u25cf Textile Solution deckt alle Arten von Polyester-Geweben mit einer Breite von 150 cm bis 320 cm ab. F\u00e4rben, Bedrucken, Beschichten, Verkleben, gute Webqualit\u00e4t und Farbechtheit, mit wasserabweisender, wasserdichter, UV-sch\u00fctzender, atmungsaktiver, flammhemmender Ausr\u00fcstung usw.<\/span><\/p>\n<p><span style=\"color: #000000;\">Wir w\u00fcrden Ihnen gerne einige Fotos unserer neuen Produkte zur Ansicht per E-Mail zusenden, sobald wir Ihr Feedback erhalten haben. ODER senden Sie uns bitte zun\u00e4chst einige technische Unterlagen zu den von Ihnen derzeit entwickelten Artikeln, damit wir Ihnen ein Angebot unterbreiten und Muster zusenden k\u00f6nnen. (Ich verspreche Ihnen, dass ich Ihnen nach Erhalt Ihrer Anfrage-E-Mail antworten werde.)<\/span><\/p>\n<p><span style=\"color: #000000;\">\u00a0<\/span><\/p>\n<p><span style=\"color: #000000;\"><strong>\u261e Kontaktm\u00f6glichkeit:<\/strong><\/span><\/p>\n<p><span style=\"color: #000000;\">\u2665 E-Mail: haimingfob@hotamail.com \/ order@china-fabrics.net<\/span><br \/>\n<span style=\"color: #000000;\"> \u2665 Mobil: 008615051486055<\/span><br \/>\n<span style=\"color: #000000;\"> \u2665 Skype: hmchen1988<\/span><br \/>\n<span style=\"color: #000000;\"> \u2665 WhatsApp- und WeChat-ID: 008615051486055<\/span><\/p>\n<p>&nbsp;<\/p>\n<p><span style=\"color: #000000;\">Mit freundlichen Gr\u00fc\u00dfen, ,<\/span><\/p>\n<p><span style=\"color: #000000;\">Haiming Chen<\/span><br \/>\n<span style=\"color: #000000;\"> Lean Textile Co., Limited<\/span><br \/>\n<span style=\"color: #000000;\"> (Jiangsu, China. 215200)<\/span><\/p>","protected":false},"excerpt":{"rendered":"<p>Textile Solution\/Exporters \/Wholesalers\/ Manufacturer Representative at China . \u00a0 \u261eThere\u2019s belowing strengths than normal venders : 1,Quickly sample making &amp; submit: We are not only a fabric material supplier, but also the supply chain one. Normally fabric sample\u00a0material in stock,\u00a0we could finish the sample within 3-4 days, and it will be send to yr office by international express during the &hellip;<\/p>","protected":false},"author":1,"featured_media":0,"parent":0,"menu_order":0,"comment_status":"open","ping_status":"open","template":"","meta":{"footnotes":""},"class_list":["post-2746","page","type-page","status-publish","hentry"],"_links":{"self":[{"href":"https:\/\/www.quality-fabric.com\/de\/wp-json\/wp\/v2\/pages\/2746","targetHints":{"allow":["GET"]}}],"collection":[{"href":"https:\/\/www.quality-fabric.com\/de\/wp-json\/wp\/v2\/pages"}],"about":[{"href":"https:\/\/www.quality-fabric.com\/de\/wp-json\/wp\/v2\/types\/page"}],"author":[{"embeddable":true,"href":"https:\/\/www.quality-fabric.com\/de\/wp-json\/wp\/v2\/users\/1"}],"replies":[{"embeddable":true,"href":"https:\/\/www.quality-fabric.com\/de\/wp-json\/wp\/v2\/comments?post=2746"}],"version-history":[{"count":0,"href":"https:\/\/www.quality-fabric.com\/de\/wp-json\/wp\/v2\/pages\/2746\/revisions"}],"wp:attachment":[{"href":"https:\/\/www.quality-fabric.com\/de\/wp-json\/wp\/v2\/media?parent=2746"}],"curies":[{"name":"wp","href":"https:\/\/api.w.org\/{rel}","templated":true}]}}