{"id":1137,"date":"2014-06-25T02:09:16","date_gmt":"2014-06-25T02:09:16","guid":{"rendered":"http:\/\/www.quality-fabric.com\/?page_id=1137"},"modified":"2016-12-06T13:23:25","modified_gmt":"2016-12-06T13:23:25","slug":"our-company","status":"publish","type":"page","link":"https:\/\/www.quality-fabric.com\/de\/our-company\/","title":{"rendered":"Unser Unternehmen"},"content":{"rendered":"<p><span style=\"color: #000000;\">Lean Textile Co., Limited hat seinen Sitz in der Seidenhauptstadt Shengze Town, Wujiang City, Provinz Jiangsu, China. Wir sind spezialisiert auf die Herstellung von Mikrofasergewebe, Mini-Matt, Gabardine, Pfirsichhautgewebe, Pongee-Gewebe, Taslon-Gewebe, Zwei-Wege-Stretchgewebe, Futtergewebe, Chiffongewebe, Koshibo-Gewebe, Oxford-Gewebe, Satin, Taft, breiten Heimtextilien usw. Unsere Produkte werden zur Herstellung von Bekleidung wie Arbeitskleidung, arabischer Kleidung, Strandshorts, Kleidern, Jacken, Uniformen, Anz\u00fcgen, Hemden und Futterstoffen verwendet. Heimtextilien wie Kissen, Duschvorh\u00e4nge, Vorh\u00e4nge, Tischdecken, Bettlaken, Bettbez\u00fcge, Matratzenschoner usw. Technische Textilien wie Taschen, Bez\u00fcge, Zelte usw. 80% unserer Produkte werden weltweit exportiert.<\/span><\/p>\n<p><span style=\"color: #000000;\">Unser Unternehmen verf\u00fcgt \u00fcber eine Fl\u00e4che von 20.000 Quadratmetern, besch\u00e4ftigt mehr als 200 Mitarbeiter, verf\u00fcgt \u00fcber 200 Wasserstrahlwebmaschinen und drei Anlagen zur Schlichtung und Vorbereitung. Unser Unternehmen genie\u00dft einen guten Ruf auf den heimischen M\u00e4rkten und exportiert in viele L\u00e4nder und Regionen, darunter Europa, Amerika, S\u00fcdamerika, Arabien usw.\u00a0<\/span><br style=\"color: #000000;\" \/><br style=\"color: #000000;\" \/><span style=\"color: #000000;\">Lean Textile hofft auf eine Zusammenarbeit mit allen Freunden im In- und Ausland auf der Grundlage des Prinzips des  gegenseitigen Nutzens und des ehrlichen Handels.<\/span><\/p>","protected":false},"excerpt":{"rendered":"<p>Lean Textile Co., Limited is\u00a0located in the silk capital Shengze Town, Wujiang City, Jiangsu Province, China. We\u00a0specialize in the production of microfiber fabric, mini matt, gabardine, peach skin fabric, pongee fabric, taslon fabric, two way stretch fabric, lining fabric, chiffon fabric, koshibo fabric, oxford fabric, satin, taffeta, wide-width home textile fabrics, etc. Our products are used to make garment like &hellip;<\/p>","protected":false},"author":1,"featured_media":0,"parent":0,"menu_order":0,"comment_status":"open","ping_status":"open","template":"","meta":{"footnotes":""},"class_list":["post-1137","page","type-page","status-publish","hentry"],"_links":{"self":[{"href":"https:\/\/www.quality-fabric.com\/de\/wp-json\/wp\/v2\/pages\/1137","targetHints":{"allow":["GET"]}}],"collection":[{"href":"https:\/\/www.quality-fabric.com\/de\/wp-json\/wp\/v2\/pages"}],"about":[{"href":"https:\/\/www.quality-fabric.com\/de\/wp-json\/wp\/v2\/types\/page"}],"author":[{"embeddable":true,"href":"https:\/\/www.quality-fabric.com\/de\/wp-json\/wp\/v2\/users\/1"}],"replies":[{"embeddable":true,"href":"https:\/\/www.quality-fabric.com\/de\/wp-json\/wp\/v2\/comments?post=1137"}],"version-history":[{"count":0,"href":"https:\/\/www.quality-fabric.com\/de\/wp-json\/wp\/v2\/pages\/1137\/revisions"}],"wp:attachment":[{"href":"https:\/\/www.quality-fabric.com\/de\/wp-json\/wp\/v2\/media?parent=1137"}],"curies":[{"name":"wp","href":"https:\/\/api.w.org\/{rel}","templated":true}]}}